{"id":375,"date":"2024-11-11T13:24:34","date_gmt":"2024-11-11T12:24:34","guid":{"rendered":"https:\/\/www.sonora-coaching.ch\/?page_id=375"},"modified":"2025-05-27T10:29:41","modified_gmt":"2025-05-27T08:29:41","slug":"mentions-legales","status":"publish","type":"page","link":"https:\/\/www.sonora-coaching.ch\/fr\/impressum\/","title":{"rendered":"Mentions l\u00e9gales"},"content":{"rendered":"<div data-elementor-type=\"wp-page\" data-elementor-id=\"375\" class=\"elementor elementor-375\" data-elementor-post-type=\"page\">\n\t\t\t\t<div class=\"elementor-element elementor-element-538781e e-flex e-con-boxed e-con e-parent\" data-id=\"538781e\" data-element_type=\"container\" data-e-type=\"container\">\n\t\t\t\t\t<div class=\"e-con-inner\">\n\t\t<div class=\"elementor-element elementor-element-0bec3bf e-con-full e-flex e-con e-child\" data-id=\"0bec3bf\" data-element_type=\"container\" data-e-type=\"container\">\n\t\t\t\t<div class=\"elementor-element elementor-element-5cb0520 elementor-widget elementor-widget-text-editor\" data-id=\"5cb0520\" data-element_type=\"widget\" data-e-type=\"widget\" data-widget_type=\"text-editor.default\">\n\t\t\t\t<div class=\"elementor-widget-container\">\n\t\t\t\t\t\t\t\t\t<h2>Informations de contact<\/h2><p>Sonora Coaching GmbH<br \/>Warpelstrasse 3<br \/>3186 D\u00fcdingen<\/p><p><strong>T\u00e9l\u00e9phone : <\/strong><a href=\"tel:+41264920221\">+41 26 492 02 21<\/a><br \/><strong>Courrier \u00e9lectronique<\/strong>: <a href=\"mailto:info@sonora-coaching.ch\">info@sonora-coaching.ch<\/a><\/p>\t\t\t\t\t\t\t\t<\/div>\n\t\t\t\t<\/div>\n\t\t\t\t<div class=\"elementor-element elementor-element-46b0fe2 elementor-widget elementor-widget-text-editor\" data-id=\"46b0fe2\" data-element_type=\"widget\" data-e-type=\"widget\" data-widget_type=\"text-editor.default\">\n\t\t\t\t<div class=\"elementor-widget-container\">\n\t\t\t\t\t\t\t\t\t<h2>Direction<\/h2><p>Caroline Christine Wyss-Hoover<\/p>\t\t\t\t\t\t\t\t<\/div>\n\t\t\t\t<\/div>\n\t\t\t\t<div class=\"elementor-element elementor-element-3332085 elementor-widget elementor-widget-text-editor\" data-id=\"3332085\" data-element_type=\"widget\" data-e-type=\"widget\" data-widget_type=\"text-editor.default\">\n\t\t\t\t<div class=\"elementor-widget-container\">\n\t\t\t\t\t\t\t\t\t<h2>Informations sur l'entreprise<\/h2><p><strong>RH<\/strong>: CH-217-3562126-4<\/p><p><strong>TVA<\/strong>: CHE-285.785.497 TTC<\/p>\t\t\t\t\t\t\t\t<\/div>\n\t\t\t\t<\/div>\n\t\t\t\t<\/div>\n\t\t<div class=\"elementor-element elementor-element-aa68f7b e-con-full e-flex e-con e-child\" data-id=\"aa68f7b\" data-element_type=\"container\" data-e-type=\"container\">\n\t\t\t\t<div class=\"elementor-element elementor-element-2cd1e56 elementor-widget elementor-widget-text-editor\" data-id=\"2cd1e56\" data-element_type=\"widget\" data-e-type=\"widget\" data-widget_type=\"text-editor.default\">\n\t\t\t\t<div class=\"elementor-widget-container\">\n\t\t\t\t\t\t\t\t\t<h2>R\u00e9f\u00e9rences et liens<\/h2>\nLes contenus des liens externes ne sont pas v\u00e9rifi\u00e9s par nos soins. Ils rel\u00e8vent de la responsabilit\u00e9 des fournisseurs respectifs.\t\t\t\t\t\t\t\t<\/div>\n\t\t\t\t<\/div>\n\t\t\t\t<div class=\"elementor-element elementor-element-fb3820f elementor-widget elementor-widget-text-editor\" data-id=\"fb3820f\" data-element_type=\"widget\" data-e-type=\"widget\" data-widget_type=\"text-editor.default\">\n\t\t\t\t<div class=\"elementor-widget-container\">\n\t\t\t\t\t\t\t\t\t<h2>Droits d'utilisation<\/h2><p>Toutes les informations et illustrations publi\u00e9es sur ce site sont prot\u00e9g\u00e9es par le droit d'auteur. Toute utilisation non autoris\u00e9e par la loi sur le droit d'auteur (LDA) requiert l'accord \u00e9crit pr\u00e9alable de Sonora Coaching GmbH.<\/p>\t\t\t\t\t\t\t\t<\/div>\n\t\t\t\t<\/div>\n\t\t\t\t<\/div>\n\t\t\t\t\t<\/div>\n\t\t\t\t<\/div>\n\t\t\t\t<\/div>","protected":false},"excerpt":{"rendered":"<p>Kontaktinfos Sonora Coaching GmbHWarpelstrasse 33186 D\u00fcdingen Telefon: +41 26 492 02 21E-Mail: info@sonora-coaching.ch Gesch\u00e4ftsleitung Caroline Christine Wyss-Hoover Firmeninfos HR: CH-217-3562126-4 MWST: CHE-285.785.497 MWST Referenzen und Links Die Inhalte externer Links werden von uns nicht gepr\u00fcft. Sie unterliegen der Haftung der jeweiligen Anbieter. Nutzungsrechte Alle auf dieser Webseite ver\u00f6ffentlichten Informationen und Abbildungen sind urheber\u00adrechtlich gesch\u00fctzt. Jede [&hellip;]<\/p>\n","protected":false},"author":1,"featured_media":0,"parent":0,"menu_order":0,"comment_status":"closed","ping_status":"closed","template":"elementor_header_footer","meta":{"_acf_changed":false,"footnotes":""},"class_list":["post-375","page","type-page","status-publish","hentry"],"acf":[],"_links":{"self":[{"href":"https:\/\/www.sonora-coaching.ch\/fr\/wp-json\/wp\/v2\/pages\/375","targetHints":{"allow":["GET"]}}],"collection":[{"href":"https:\/\/www.sonora-coaching.ch\/fr\/wp-json\/wp\/v2\/pages"}],"about":[{"href":"https:\/\/www.sonora-coaching.ch\/fr\/wp-json\/wp\/v2\/types\/page"}],"author":[{"embeddable":true,"href":"https:\/\/www.sonora-coaching.ch\/fr\/wp-json\/wp\/v2\/users\/1"}],"replies":[{"embeddable":true,"href":"https:\/\/www.sonora-coaching.ch\/fr\/wp-json\/wp\/v2\/comments?post=375"}],"version-history":[{"count":0,"href":"https:\/\/www.sonora-coaching.ch\/fr\/wp-json\/wp\/v2\/pages\/375\/revisions"}],"wp:attachment":[{"href":"https:\/\/www.sonora-coaching.ch\/fr\/wp-json\/wp\/v2\/media?parent=375"}],"curies":[{"name":"wp","href":"https:\/\/api.w.org\/{rel}","templated":true}]}}