{"id":3170,"date":"2025-04-09T19:51:58","date_gmt":"2025-04-09T17:51:58","guid":{"rendered":"https:\/\/www.sonora-coaching.ch\/?post_type=product&#038;p=3170"},"modified":"2026-04-24T09:05:46","modified_gmt":"2026-04-24T07:05:46","slug":"chandelier-rustique-en-bois","status":"publish","type":"product","link":"https:\/\/www.sonora-coaching.ch\/fr\/produkt\/rustikaler-holz-kerzenstaender\/","title":{"rendered":"Bougeoir en bois rustique"},"content":{"rendered":"<p>Ce bougeoir artisanal combine harmonieusement trois mat\u00e9riaux : Un solide morceau de bois constitue la base chaleureuse et naturelle. Sur cette base repose une structure m\u00e9tallique filigrane qui supporte le verre transparent dans lequel la bougie trouve sa place.<\/p>\n<p>L'interaction entre le bois, le m\u00e9tal et le verre cr\u00e9e un design intemporel qui s'int\u00e8gre dans tous les environnements - que ce soit sur la table \u00e0 manger, dans le salon ou comme objet d'\u00e9clairage d'ambiance dans l'entr\u00e9e. Les mat\u00e9riaux se compl\u00e8tent parfaitement : naturels, r\u00e9sistants et d'une beaut\u00e9 simple.<\/p>\n<p>&nbsp;<\/p>\n<p><strong>D\u00e9tails :<\/strong><\/p>\n<ul>\n<li>Mat\u00e9riaux : bois (socle), m\u00e9tal (structure), verre (bougeoir)<\/li>\n<li>Dimensions : 13x13x27cm (la hauteur peut varier de 1-2cm)<\/li>\n<li>Convient pour les bougies \u00e0 chauffe-plat ou les petites bougies<\/li>\n<li>Finition robuste et durable<\/li>\n<li>Chaque pi\u00e8ce a son propre grain de bois et son propre caract\u00e8re<\/li>\n<\/ul>\n<p>&nbsp;<\/p>\n<p>Un compagnon \u00e9l\u00e9gant pour des heures agr\u00e9ables \u00e0 la douce lumi\u00e8re des bougies, id\u00e9al comme cadeau pour les \u00e9picuriens.<\/p>","protected":false},"excerpt":{"rendered":"<p>Dieser handgefertigte Kerzenst\u00e4nder vereint drei Materialien auf harmonische Weise: Ein solides St\u00fcck Holz bildet die warme, nat\u00fcrliche Basis. Darauf ruht ein filigranes Metallgestell, das das klare Glas tr\u00e4gt, in dem die Kerze ihren Platz findet. Das Zusammenspiel von Holz, Metall und Glas schafft ein zeitloses Design, das sich in jede Umgebung einf\u00fcgt \u2013 ob auf [&hellip;]<\/p>\n","protected":false},"featured_media":3529,"template":"","meta":{"_acf_changed":false},"product_brand":[],"product_cat":[22,86],"product_tag":[98,99,100,104,34,90,87,101,89,97,103,96,91,88,94,95,93,27,92,102],"class_list":{"0":"post-3170","1":"product","2":"type-product","3":"status-publish","4":"has-post-thumbnail","6":"product_cat-holz","7":"product_cat-sonora","8":"product_tag-deko-aus-holz","9":"product_tag-einrichtungsstil-klassisch","10":"product_tag-einrichtungsstil-modern","11":"product_tag-gemuetliche-atmosphaere","12":"product_tag-geschenkidee","13":"product_tag-glaszylinder","14":"product_tag-handgemacht","15":"product_tag-handmade-switzerland","16":"product_tag-holzdeko","17":"product_tag-hygge-stil","18":"product_tag-kerzenhalter-mit-juteband","19":"product_tag-nachhaltige-dekoration","20":"product_tag-naturholz","21":"product_tag-rustikaler-kerzenstaender","22":"product_tag-stumpenkerzenhalter","23":"product_tag-teelichthalter","24":"product_tag-tischdeko","25":"product_tag-unikat","26":"product_tag-wohnaccessoire","27":"product_tag-wohnambiente","29":"first","30":"instock","31":"taxable","32":"shipping-taxable","33":"purchasable","34":"product-type-simple"},"acf":[],"_links":{"self":[{"href":"https:\/\/www.sonora-coaching.ch\/fr\/wp-json\/wp\/v2\/product\/3170","targetHints":{"allow":["GET"]}}],"collection":[{"href":"https:\/\/www.sonora-coaching.ch\/fr\/wp-json\/wp\/v2\/product"}],"about":[{"href":"https:\/\/www.sonora-coaching.ch\/fr\/wp-json\/wp\/v2\/types\/product"}],"wp:featuredmedia":[{"embeddable":true,"href":"https:\/\/www.sonora-coaching.ch\/fr\/wp-json\/wp\/v2\/media\/3529"}],"wp:attachment":[{"href":"https:\/\/www.sonora-coaching.ch\/fr\/wp-json\/wp\/v2\/media?parent=3170"}],"wp:term":[{"taxonomy":"product_brand","embeddable":true,"href":"https:\/\/www.sonora-coaching.ch\/fr\/wp-json\/wp\/v2\/product_brand?post=3170"},{"taxonomy":"product_cat","embeddable":true,"href":"https:\/\/www.sonora-coaching.ch\/fr\/wp-json\/wp\/v2\/product_cat?post=3170"},{"taxonomy":"product_tag","embeddable":true,"href":"https:\/\/www.sonora-coaching.ch\/fr\/wp-json\/wp\/v2\/product_tag?post=3170"}],"curies":[{"name":"wp","href":"https:\/\/api.w.org\/{rel}","templated":true}]}}