{"id":3397,"date":"2026-01-20T11:36:42","date_gmt":"2026-01-20T10:36:42","guid":{"rendered":"https:\/\/www.sonora-coaching.ch\/?post_type=product&#038;p=3397"},"modified":"2026-04-28T16:46:05","modified_gmt":"2026-04-28T14:46:05","slug":"bougies-en-cire-dabeille-roulees-a-la-main","status":"publish","type":"product","link":"https:\/\/www.sonora-coaching.ch\/fr\/produkt\/handgerollte-bienenwachskerzen\/","title":{"rendered":"Bougies en cire d'abeille roul\u00e9es \u00e0 la main"},"content":{"rendered":"<p>Ces bougies fabriqu\u00e9es avec amour \u00e0 la main sont compos\u00e9es de plaques de cire d'abeille pure et sont roul\u00e9es \u00e0 la main avec soin. La cire naturelle leur conf\u00e8re une teinte chaude et dor\u00e9e et d\u00e9gage, en se consumant, un discret et agr\u00e9able parfum de miel.<\/p>\n<p>Les bougies en cire d'abeille ne sont pas seulement un accroche-regard plein d'ambiance, mais aussi une alternative durable aux bougies traditionnelles - sans paraffine ni additifs synth\u00e9tiques.<\/p>\n<p><strong>D\u00e9tails :<\/strong><\/p>\n<ul>\n<li>Set de 2 bougies<\/li>\n<li>Dimensions : hauteur : 10 cm, diam\u00e8tre : env. 3,5 cm<\/li>\n<li>Mat\u00e9riau : 100% cire d'abeille pure<\/li>\n<li>Roul\u00e9e \u00e0 la main \u00e0 partir de plaques de cire d'abeille<\/li>\n<li>Parfum agr\u00e9able et naturel<\/li>\n<li>Durable, r\u00e9gional et respectueux de l'environnement<\/li>\n<\/ul>\n<p>&nbsp;<\/p>\n<p>Id\u00e9al pour les soir\u00e9es agr\u00e9ables, les occasions sp\u00e9ciales ou comme cadeau affectueux pour les personnes qui appr\u00e9cient le naturel.<\/p>\n<p><a href=\"https:\/\/sonoracoaching.sharepoint.com\/sites\/SonoraDATA\/Dokumente\/Forms\/AllItems.aspx?viewid=da1f7d2c%2Dfa02%2D4a09%2Db52b%2D2c00c4615970&amp;FolderCTID=0x0120001FFC34B7DBE3954AA8ED400A7D60AB6C&amp;id=%2Fsites%2FSonoraDATA%2FDokumente%2FSonora%5FTeilnehmer%5FDE%2FDokumente%20Teilnehmende%2F04%5FProjekt%20Webshop%2F03%20Produktbeschreibungen%5FProduktfotos%5FSHOP%2FBienenwachskerzen%2FInfoblatt%20Bienenwachskerze%2Epdf&amp;parent=%2Fsites%2FSonoraDATA%2FDokumente%2FSonora%5FTeilnehmer%5FDE%2FDokumente%20Teilnehmende%2F04%5FProjekt%20Webshop%2F03%20Produktbeschreibungen%5FProduktfotos%5FSHOP%2FBienenwachskerzen\" target=\"_blank\" rel=\"noopener\">En savoir plus sur la cr\u00e9ation de la cire d'abeille<\/a><\/p>","protected":false},"excerpt":{"rendered":"<p>Ces bougies en cire d'abeille roul\u00e9es \u00e0 la main sont fabriqu\u00e9es \u00e0 partir de 100 % de cire d'abeille pure et s\u00e9duisent par leur teinte chaude et dor\u00e9e ainsi que par leur discret parfum naturel de miel. Durables, sans paraffine et roul\u00e9es \u00e0 la main avec amour, elles cr\u00e9ent une atmosph\u00e8re chaleureuse et sont id\u00e9ales comme d\u00e9coration \u00e9l\u00e9gante ou comme cadeau sp\u00e9cial.<\/p>","protected":false},"featured_media":3525,"template":"","meta":{"_acf_changed":false},"product_brand":[],"product_cat":[86],"product_tag":[111,109,104,34,87,110,113,118,35,117,112,119,114,116,115],"class_list":{"0":"post-3397","1":"product","2":"type-product","3":"status-publish","4":"has-post-thumbnail","6":"product_cat-sonora","7":"product_tag-100-bienenwachs","8":"product_tag-bienenwachskerze","9":"product_tag-gemuetliche-atmosphaere","10":"product_tag-geschenkidee","11":"product_tag-handgemacht","12":"product_tag-handgerollt","13":"product_tag-honigduft","14":"product_tag-kerzen-set","15":"product_tag-nachhaltig","16":"product_tag-naturdeko","17":"product_tag-naturkerze","18":"product_tag-natuerliche-kerzen","19":"product_tag-ohne-paraffin","20":"product_tag-regionale-handarbeit","21":"product_tag-umweltfreundlich","23":"first","24":"instock","25":"taxable","26":"shipping-taxable","27":"purchasable","28":"product-type-simple"},"acf":[],"_links":{"self":[{"href":"https:\/\/www.sonora-coaching.ch\/fr\/wp-json\/wp\/v2\/product\/3397","targetHints":{"allow":["GET"]}}],"collection":[{"href":"https:\/\/www.sonora-coaching.ch\/fr\/wp-json\/wp\/v2\/product"}],"about":[{"href":"https:\/\/www.sonora-coaching.ch\/fr\/wp-json\/wp\/v2\/types\/product"}],"wp:featuredmedia":[{"embeddable":true,"href":"https:\/\/www.sonora-coaching.ch\/fr\/wp-json\/wp\/v2\/media\/3525"}],"wp:attachment":[{"href":"https:\/\/www.sonora-coaching.ch\/fr\/wp-json\/wp\/v2\/media?parent=3397"}],"wp:term":[{"taxonomy":"product_brand","embeddable":true,"href":"https:\/\/www.sonora-coaching.ch\/fr\/wp-json\/wp\/v2\/product_brand?post=3397"},{"taxonomy":"product_cat","embeddable":true,"href":"https:\/\/www.sonora-coaching.ch\/fr\/wp-json\/wp\/v2\/product_cat?post=3397"},{"taxonomy":"product_tag","embeddable":true,"href":"https:\/\/www.sonora-coaching.ch\/fr\/wp-json\/wp\/v2\/product_tag?post=3397"}],"curies":[{"name":"wp","href":"https:\/\/api.w.org\/{rel}","templated":true}]}}