{"id":3405,"date":"2026-02-19T14:09:34","date_gmt":"2026-02-19T13:09:34","guid":{"rendered":"https:\/\/www.sonora-coaching.ch\/?post_type=product&#038;p=3405"},"modified":"2026-03-06T14:55:29","modified_gmt":"2026-03-06T13:55:29","slug":"serviettes-eponges-peintes-a-la-main","status":"publish","type":"product","link":"https:\/\/www.sonora-coaching.ch\/fr\/produkt\/handbemalte-schwammtuecher\/","title":{"rendered":"Lingettes \u00e9ponges peintes \u00e0 la main"},"content":{"rendered":"<p>Les serviettes-\u00e9ponges ont \u00e9t\u00e9 peintes \u00e0 la main avec un grand souci du d\u00e9tail, \u00e0 l'aide de marqueurs textiles. Chaque serviette-\u00e9ponge pr\u00e9sente son propre motif harmonieusement assorti. Ensemble, elles forment un trio coh\u00e9rent qui apporte esth\u00e9tique et personnalit\u00e9 \u00e0 ta cuisine.<\/p>\n<p>Les lingettes n'attirent pas seulement le regard avec art, elles sont aussi pratiques et \u00e9cologiques. Ils sont fabriqu\u00e9s dans un mat\u00e9riau absorbant et lavable. Id\u00e9al pour l'usage quotidien - et un petit accroche-regard lors de la vaisselle !<\/p>\n<p><strong>D\u00e9tails :<\/strong><\/p>\n<ul>\n<li>Set de 3 \u00e9ponges peintes \u00e0 la main<\/li>\n<li>Mati\u00e8re : coton, ac\u00e9tate de cellulose<\/li>\n<li>Dimensions : 17\u00d719.5cm<\/li>\n<li>couleur : blanc avec des motifs noirs<\/li>\n<li>Peint \u00e0 la main avec des marqueurs textiles<\/li>\n<li>R\u00e9utilisable et lavable<\/li>\n<li>Durable, sans plastique et durable<\/li>\n<li>Lavable en machine<\/li>\n<\/ul>\n<p>&nbsp;<\/p>\n<p>Un trio de charme pour tous ceux qui aiment la durabilit\u00e9 et souhaitent enrichir leur quotidien de petits d\u00e9tails sympathiques.<\/p>","protected":false},"excerpt":{"rendered":"<article class=\"text-token-text-primary w-full focus:outline-none [--shadow-height:45px] has-data-writing-block:pointer-events-none has-data-writing-block:-mt-(--shadow-height) has-data-writing-block:pt-(--shadow-height) [&amp;:has([data-writing-block])&gt;*]:pointer-events-auto scroll-mt-(--header-height)\" dir=\"auto\" data-turn-id=\"66cb275e-ce22-4e52-8c88-c85c4709a7d2\" data-testid=\"conversation-turn-3\" data-scroll-anchor=\"false\" data-turn=\"user\">\n<div class=\"text-base my-auto mx-auto pt-12 [--thread-content-margin:--spacing(4)] @w-sm\/main:[--thread-content-margin:--spacing(6)] @w-lg\/main:[--thread-content-margin:--spacing(16)] px-(--thread-content-margin)\">\n<div class=\"[--thread-content-max-width:40rem] @w-lg\/main:[--thread-content-max-width:48rem] mx-auto max-w-(--thread-content-max-width) flex-1 group\/turn-messages focus-visible:outline-hidden relative flex w-full min-w-0 flex-col\">\n<div class=\"z-0 flex justify-end\">\n<div class=\"text-base my-auto mx-auto pb-10 [--thread-content-margin:--spacing(4)] @w-sm\/main:[--thread-content-margin:--spacing(6)] @w-lg\/main:[--thread-content-margin:--spacing(16)] px-(--thread-content-margin)\">\n<div class=\"[--thread-content-max-width:40rem] @w-lg\/main:[--thread-content-max-width:48rem] mx-auto max-w-(--thread-content-max-width) flex-1 group\/turn-messages focus-visible:outline-hidden relative flex w-full min-w-0 flex-col agent-turn\">\n<div class=\"flex max-w-full flex-col grow\">\n<div class=\"min-h-8 text-message relative flex w-full flex-col items-end gap-2 text-start break-words whitespace-normal [.text-message+&amp;]:mt-1\" dir=\"auto\" data-message-author-role=\"assistant\" data-message-id=\"15a7bfd8-6d64-48ea-83ba-34b080da475e\" data-message-model-slug=\"gpt-5-2\">\n<div class=\"flex w-full flex-col gap-1 empty:hidden first:pt-[1px]\">\n<div class=\"markdown prose dark:prose-invert w-full wrap-break-word light markdown-new-styling\">\n<p data-start=\"0\" data-end=\"230\" data-is-last-node=\"\" data-is-only-node=\"\">Dieses Set aus 3 handbemalten Schwammt\u00fcchern aus Baumwolle ist nachhaltig, waschbar und plastikfrei \u2013 ein umweltfreundlicher K\u00fcchenhelfer mit stilvollen schwarz-wei\u00dfen Motiven f\u00fcr den t\u00e4glichen Gebrauch.<\/p>\n<\/div>\n<\/div>\n<\/div>\n<\/div>\n<\/div>\n<\/div>\n<\/div>\n<\/div>\n<\/div>\n<\/article>\n","protected":false},"featured_media":3408,"template":"","meta":{"_acf_changed":false},"product_brand":[],"product_cat":[86],"product_tag":[132,122,127,129,133,35,125,123,124,126,130,115,121,128,131],"class_list":{"0":"post-3405","1":"product","2":"type-product","3":"status-publish","4":"has-post-thumbnail","6":"product_cat-sonora","7":"product_tag-3er-set","8":"product_tag-baumwolle","9":"product_tag-handbemalt","10":"product_tag-kunstvoller-blickfang","11":"product_tag-langlebig","12":"product_tag-nachhaltig","13":"product_tag-nachhaltige-geschenkidee","14":"product_tag-plastikfrei","15":"product_tag-praktische-alltagshelfer","16":"product_tag-schwammtuecher","17":"product_tag-textilkunst","18":"product_tag-umweltfreundlich","19":"product_tag-waschbar","20":"product_tag-wiederverwendbar","21":"product_tag-zero-waste","23":"first","24":"instock","25":"taxable","26":"shipping-taxable","27":"purchasable","28":"product-type-simple"},"acf":[],"_links":{"self":[{"href":"https:\/\/www.sonora-coaching.ch\/fr\/wp-json\/wp\/v2\/product\/3405","targetHints":{"allow":["GET"]}}],"collection":[{"href":"https:\/\/www.sonora-coaching.ch\/fr\/wp-json\/wp\/v2\/product"}],"about":[{"href":"https:\/\/www.sonora-coaching.ch\/fr\/wp-json\/wp\/v2\/types\/product"}],"wp:featuredmedia":[{"embeddable":true,"href":"https:\/\/www.sonora-coaching.ch\/fr\/wp-json\/wp\/v2\/media\/3408"}],"wp:attachment":[{"href":"https:\/\/www.sonora-coaching.ch\/fr\/wp-json\/wp\/v2\/media?parent=3405"}],"wp:term":[{"taxonomy":"product_brand","embeddable":true,"href":"https:\/\/www.sonora-coaching.ch\/fr\/wp-json\/wp\/v2\/product_brand?post=3405"},{"taxonomy":"product_cat","embeddable":true,"href":"https:\/\/www.sonora-coaching.ch\/fr\/wp-json\/wp\/v2\/product_cat?post=3405"},{"taxonomy":"product_tag","embeddable":true,"href":"https:\/\/www.sonora-coaching.ch\/fr\/wp-json\/wp\/v2\/product_tag?post=3405"}],"curies":[{"name":"wp","href":"https:\/\/api.w.org\/{rel}","templated":true}]}}