{"id":3410,"date":"2026-02-19T14:21:49","date_gmt":"2026-02-19T13:21:49","guid":{"rendered":"https:\/\/www.sonora-coaching.ch\/?post_type=product&#038;p=3410"},"modified":"2026-05-01T11:10:14","modified_gmt":"2026-05-01T09:10:14","slug":"torchon-peint-a-la-main","status":"publish","type":"product","link":"https:\/\/www.sonora-coaching.ch\/fr\/produkt\/handbemaltes-geschirrtuch\/","title":{"rendered":"Torchon peint \u00e0 la main"},"content":{"rendered":"<p><img fetchpriority=\"high\" decoding=\"async\" class=\"alignnone  wp-image-3571\" src=\"https:\/\/www.sonora-coaching.ch\/wp-content\/uploads\/2026\/04\/Logo-Sonora-Handmade-300x104.png\" alt=\"\" width=\"490\" height=\"170\" srcset=\"https:\/\/www.sonora-coaching.ch\/wp-content\/uploads\/2026\/04\/Logo-Sonora-Handmade-300x104.png 300w, https:\/\/www.sonora-coaching.ch\/wp-content\/uploads\/2026\/04\/Logo-Sonora-Handmade-1024x356.png 1024w, https:\/\/www.sonora-coaching.ch\/wp-content\/uploads\/2026\/04\/Logo-Sonora-Handmade-768x267.png 768w, https:\/\/www.sonora-coaching.ch\/wp-content\/uploads\/2026\/04\/Logo-Sonora-Handmade-1536x533.png 1536w, https:\/\/www.sonora-coaching.ch\/wp-content\/uploads\/2026\/04\/Logo-Sonora-Handmade-2048x711.png 2048w, https:\/\/www.sonora-coaching.ch\/wp-content\/uploads\/2026\/04\/Logo-Sonora-Handmade-18x6.png 18w, https:\/\/www.sonora-coaching.ch\/wp-content\/uploads\/2026\/04\/Logo-Sonora-Handmade-600x208.png 600w\" sizes=\"(max-width: 490px) 100vw, 490px\" \/><\/p>\n<p>Ce torchon apporte une touche d'individualit\u00e9 artisanale dans ta cuisine. Chaque torchon a \u00e9t\u00e9 peint \u00e0 la main avec beaucoup d'amour et de cr\u00e9ativit\u00e9 \u00e0 l'aide de marqueurs textiles - c'est ainsi qu'un simple tissu blanc devient une pi\u00e8ce unique de tous les jours avec du caract\u00e8re.<\/p>\n<p>La finesse des dessins fait de chaque torchon une petite \u0153uvre d'art, non seulement fonctionnelle mais aussi d\u00e9corative. Que ce soit pour s'essuyer, comme d\u00e9tail affectueux dans la cuisine ou comme cadeau, ce torchon peint \u00e0 la main conf\u00e8re \u00e0 chaque moment une touche de personnalit\u00e9 et de chaleur.<\/p>\n<p>&nbsp;<\/p>\n<p><strong>D\u00e9tails :<\/strong><\/p>\n<ul>\n<li>Mati\u00e8re : 100 % coton<\/li>\n<li>Dimensions : 84x50cm<\/li>\n<li>Peint \u00e0 la main avec des marqueurs textiles de haute qualit\u00e9 et r\u00e9sistants au lavage<\/li>\n<li>Couleur : blanc - classique, intemporel et combinable de multiples fa\u00e7ons<\/li>\n<li>Chaque pi\u00e8ce est unique<\/li>\n<li>Lavable (40\u00b0 degr\u00e9)<\/li>\n<\/ul>\n<p>&nbsp;<\/p>\n<p>Une petite pi\u00e8ce artisanale qui rend ton quotidien plus agr\u00e9able - simple, naturelle et con\u00e7ue avec le c\u0153ur.<\/p>","protected":false},"excerpt":{"rendered":"<p>Dieses Geschirrtuch bringt handgemachte Individualit\u00e4t in deine K\u00fcche. Jedes Tuch wurde mit viel Liebe und Kreativit\u00e4t von Hand mit Textilmarkern bemalt \u2013 so entsteht aus einem schlichten, weissen Stoff ein einzigartiges Alltagsst\u00fcck mit Charakter. Die feinen Zeichnungen machen jedes Tuch zu einem kleinen Kunstwerk, das nicht nur funktional, sondern auch dekorativ ist. Ob beim Abtrocknen, [&hellip;]<\/p>\n","protected":false},"featured_media":3519,"template":"","meta":{"_acf_changed":false},"product_brand":[],"product_cat":[86],"product_tag":[135,141,136,134,127,138,140,124,137,121,139],"class_list":{"0":"post-3410","1":"product","2":"type-product","3":"status-publish","4":"has-post-thumbnail","6":"product_cat-sonora","7":"product_tag-100-baumwolle","8":"product_tag-dekoratives-kuechentuch","9":"product_tag-geschenkidee-kueche-handgemacht","10":"product_tag-geschirrtuch","11":"product_tag-handbemalt","12":"product_tag-kuechenaccessoire-handbemalt","13":"product_tag-kunstvolle-details","14":"product_tag-praktische-alltagshelfer","15":"product_tag-textilkunst-fuer-die-kueche","16":"product_tag-waschbar","17":"product_tag-zeitloses-kuechentextil","19":"first","20":"instock","21":"taxable","22":"shipping-taxable","23":"purchasable","24":"product-type-simple"},"acf":[],"_links":{"self":[{"href":"https:\/\/www.sonora-coaching.ch\/fr\/wp-json\/wp\/v2\/product\/3410","targetHints":{"allow":["GET"]}}],"collection":[{"href":"https:\/\/www.sonora-coaching.ch\/fr\/wp-json\/wp\/v2\/product"}],"about":[{"href":"https:\/\/www.sonora-coaching.ch\/fr\/wp-json\/wp\/v2\/types\/product"}],"wp:featuredmedia":[{"embeddable":true,"href":"https:\/\/www.sonora-coaching.ch\/fr\/wp-json\/wp\/v2\/media\/3519"}],"wp:attachment":[{"href":"https:\/\/www.sonora-coaching.ch\/fr\/wp-json\/wp\/v2\/media?parent=3410"}],"wp:term":[{"taxonomy":"product_brand","embeddable":true,"href":"https:\/\/www.sonora-coaching.ch\/fr\/wp-json\/wp\/v2\/product_brand?post=3410"},{"taxonomy":"product_cat","embeddable":true,"href":"https:\/\/www.sonora-coaching.ch\/fr\/wp-json\/wp\/v2\/product_cat?post=3410"},{"taxonomy":"product_tag","embeddable":true,"href":"https:\/\/www.sonora-coaching.ch\/fr\/wp-json\/wp\/v2\/product_tag?post=3410"}],"curies":[{"name":"wp","href":"https:\/\/api.w.org\/{rel}","templated":true}]}}