{"id":3462,"date":"2026-03-12T16:38:07","date_gmt":"2026-03-12T15:38:07","guid":{"rendered":"https:\/\/www.sonora-coaching.ch\/?post_type=product&#038;p=3462"},"modified":"2026-04-27T09:03:12","modified_gmt":"2026-04-27T07:03:12","slug":"set-ange-gardien","status":"publish","type":"product","link":"https:\/\/www.sonora-coaching.ch\/fr\/produkt\/schutzengel-set\/","title":{"rendered":"Set d'anges gardiens"},"content":{"rendered":"<p>Ce set se compose d'une carte postale avec enveloppe et d'un ange, tous deux fabriqu\u00e9s \u00e0 la main avec amour. Chaque set devient ainsi un symbole d'unicit\u00e9, de cr\u00e9ativit\u00e9 et de durabilit\u00e9.<\/p>\n<p>Le motif de l'ange a \u00e9t\u00e9 grav\u00e9 \u00e0 la main sur une plaque de linogravure, puis soigneusement imprim\u00e9 sur la carte selon le proc\u00e9d\u00e9 traditionnel de la linogravure. Chaque ange porte une robe unique - parfois simple, parfois fantaisiste, confectionn\u00e9e \u00e0 partir de morceaux de tissu qui n'auraient peut-\u00eatre pas trouv\u00e9 d'autre utilisation.<\/p>\n<p>Qu'il s'agisse d'une carte de v\u0153ux personnelle, d'une petite attention ou d'un ajout particulier \u00e0 un cadeau, ce set est une alternative valable et durable.<\/p>\n<p><strong>D\u00e9tails :<\/strong><\/p>\n<ul>\n<li>Set de carte avec enveloppe et ange<\/li>\n<li>Chaque page est unique<\/li>\n<li>Con\u00e7u avec amour par un travail manuel minutieux<\/li>\n<li>Dimensions de la carte : 15\u00d715 cm<\/li>\n<li>Papier blanc stable et de haute qualit\u00e9<\/li>\n<li>Dimensions de l'ange : env. 8\u00d718 cm<\/li>\n<li>Mat\u00e9riel anges : fil de fer, tissu, ficelle, ouate de rembourrage, d\u00e9coration<\/li>\n<\/ul>\n<p>&nbsp;<\/p>\n<p>Un ensemble enchanteur qui diffuse l\u00e9g\u00e8ret\u00e9 et chaleur - parfait comme cadeau ou comme symbole de protection et d'espoir.<\/p>","protected":false},"excerpt":{"rendered":"<p>Dieses Set besteht aus einer Postkarte inkl. Couvert und einem Engel, beides in liebevoller Handarbeit hergestellt. So wird jedes Set zu einem Symbol f\u00fcr Einzigartigkeit, Kreativit\u00e4t und Nachhaltigkeit. Das Engel-Motiv wurde von Hand in eine Linoldruckplatte geschnitzt und anschliessend sorgf\u00e4ltig im traditionellen Linoldruckverfahren auf die Karte gedruckt. Jeder Engel tr\u00e4gt ein einzigartiges Kleid \u2013 mal [&hellip;]<\/p>\n","protected":false},"featured_media":3530,"template":"","meta":{"_acf_changed":false},"product_brand":[],"product_cat":[86,15],"product_tag":[151,143,150],"class_list":{"0":"post-3462","1":"product","2":"type-product","3":"status-publish","4":"has-post-thumbnail","6":"product_cat-sonora","7":"product_cat-unkategorisiert","8":"product_tag-engel-handgemacht","9":"product_tag-linoldruck","10":"product_tag-schutzengel-set","12":"first","13":"instock","14":"taxable","15":"shipping-taxable","16":"purchasable","17":"product-type-simple"},"acf":[],"_links":{"self":[{"href":"https:\/\/www.sonora-coaching.ch\/fr\/wp-json\/wp\/v2\/product\/3462","targetHints":{"allow":["GET"]}}],"collection":[{"href":"https:\/\/www.sonora-coaching.ch\/fr\/wp-json\/wp\/v2\/product"}],"about":[{"href":"https:\/\/www.sonora-coaching.ch\/fr\/wp-json\/wp\/v2\/types\/product"}],"wp:featuredmedia":[{"embeddable":true,"href":"https:\/\/www.sonora-coaching.ch\/fr\/wp-json\/wp\/v2\/media\/3530"}],"wp:attachment":[{"href":"https:\/\/www.sonora-coaching.ch\/fr\/wp-json\/wp\/v2\/media?parent=3462"}],"wp:term":[{"taxonomy":"product_brand","embeddable":true,"href":"https:\/\/www.sonora-coaching.ch\/fr\/wp-json\/wp\/v2\/product_brand?post=3462"},{"taxonomy":"product_cat","embeddable":true,"href":"https:\/\/www.sonora-coaching.ch\/fr\/wp-json\/wp\/v2\/product_cat?post=3462"},{"taxonomy":"product_tag","embeddable":true,"href":"https:\/\/www.sonora-coaching.ch\/fr\/wp-json\/wp\/v2\/product_tag?post=3462"}],"curies":[{"name":"wp","href":"https:\/\/api.w.org\/{rel}","templated":true}]}}