{"id":3506,"date":"2026-04-23T08:59:37","date_gmt":"2026-04-23T06:59:37","guid":{"rendered":"https:\/\/www.sonora-coaching.ch\/?post_type=product&#038;p=3506"},"modified":"2026-04-28T08:47:12","modified_gmt":"2026-04-28T06:47:12","slug":"cartes-imprimees-a-la-main-avec-des-motifs-floraux","status":"publish","type":"product","link":"https:\/\/www.sonora-coaching.ch\/fr\/produkt\/handgedruckte-karten-mit-blumenmotiven\/","title":{"rendered":"Cartes imprim\u00e9es \u00e0 la main avec des motifs floraux"},"content":{"rendered":"<p>Ce set se compose de quatre cartes postales uniques, r\u00e9alis\u00e9es avec amour \u00e0 la main. Chaque motif a \u00e9t\u00e9 sculpt\u00e9 \u00e0 la main dans du linol\u00e9um, puis soigneusement imprim\u00e9 sur les cartes selon le proc\u00e9d\u00e9 traditionnel de linogravure. Il en r\u00e9sulte de petites \u0153uvres d'art \u00e0 la structure visible, \u00e0 la profondeur et au caract\u00e8re bien particulier.<\/p>\n<p>Aucune impression ne ressemble \u00e0 une autre - de l\u00e9g\u00e8res variations dans l'application des couleurs font de chaque carte une pi\u00e8ce unique. Qu'il s'agisse d'une carte de v\u0153ux personnelle, d'une petite attention ou d'un cadeau particulier, ces cartes sont une alternative valable et durable aux cartes de v\u0153ux fabriqu\u00e9es industriellement.<\/p>\n<p><strong>D\u00e9tails :<\/strong><\/p>\n<ul>\n<li>Set de 4 cartes postales diff\u00e9rentes imprim\u00e9es \u00e0 la main, enveloppe incluse<\/li>\n<li>Dimensions de la carte postale : 15 x 15 cm<\/li>\n<li>Papier blanc stable et de haute qualit\u00e9<\/li>\n<li>Motifs de linogravure sculpt\u00e9s \u00e0 la main<\/li>\n<li>Chaque carte est unique<\/li>\n<li>Id\u00e9al pour offrir, \u00e9crire ou d\u00e9corer<\/li>\n<li>La couleur n'est pas r\u00e9sistante \u00e0 l'eau<\/li>\n<\/ul>\n<p>&nbsp;<\/p>\n<p>Un petit morceau d'art \u00e0 envoyer ou \u00e0 garder - imprim\u00e9 avec amour, con\u00e7u de mani\u00e8re durable et plein de caract\u00e8re.<\/p>","protected":false},"excerpt":{"rendered":"<p>Dieses Set besteht aus vier einzigartigen Postkarten, die in liebevoller Handarbeit entstanden sind. Jedes Motiv wurde von Hand in Linol geschnitzt und anschliessend sorgf\u00e4ltig im traditionellen Linoldruckverfahren auf die Karten gedruckt. So entstehen kleine Kunstwerke mit sichtbarer Struktur, Tiefe und einem ganz eigenen Charakter. Kein Druck gleicht dem anderen \u2013 leichte Variationen im Farbauftrag machen [&hellip;]<\/p>\n","protected":false},"featured_media":3565,"template":"","meta":{"_acf_changed":false},"product_brand":[],"product_cat":[86],"product_tag":[154,145,155,142,158,159,156,144,157],"class_list":{"0":"post-3506","1":"product","2":"type-product","3":"status-publish","4":"has-post-thumbnail","6":"product_cat-sonora","7":"product_tag-blumenmotive","8":"product_tag-dekorative-postkarten","9":"product_tag-fruehling","10":"product_tag-handgedruckte-postkarten","11":"product_tag-lavendel","12":"product_tag-mohnblumen","13":"product_tag-sommer","14":"product_tag-unikat-grusskarten","15":"product_tag-wiese","17":"first","18":"instock","19":"taxable","20":"shipping-taxable","21":"purchasable","22":"product-type-simple"},"acf":[],"_links":{"self":[{"href":"https:\/\/www.sonora-coaching.ch\/fr\/wp-json\/wp\/v2\/product\/3506","targetHints":{"allow":["GET"]}}],"collection":[{"href":"https:\/\/www.sonora-coaching.ch\/fr\/wp-json\/wp\/v2\/product"}],"about":[{"href":"https:\/\/www.sonora-coaching.ch\/fr\/wp-json\/wp\/v2\/types\/product"}],"wp:featuredmedia":[{"embeddable":true,"href":"https:\/\/www.sonora-coaching.ch\/fr\/wp-json\/wp\/v2\/media\/3565"}],"wp:attachment":[{"href":"https:\/\/www.sonora-coaching.ch\/fr\/wp-json\/wp\/v2\/media?parent=3506"}],"wp:term":[{"taxonomy":"product_brand","embeddable":true,"href":"https:\/\/www.sonora-coaching.ch\/fr\/wp-json\/wp\/v2\/product_brand?post=3506"},{"taxonomy":"product_cat","embeddable":true,"href":"https:\/\/www.sonora-coaching.ch\/fr\/wp-json\/wp\/v2\/product_cat?post=3506"},{"taxonomy":"product_tag","embeddable":true,"href":"https:\/\/www.sonora-coaching.ch\/fr\/wp-json\/wp\/v2\/product_tag?post=3506"}],"curies":[{"name":"wp","href":"https:\/\/api.w.org\/{rel}","templated":true}]}}