{"id":3532,"date":"2026-04-24T11:40:06","date_gmt":"2026-04-24T09:40:06","guid":{"rendered":"https:\/\/www.sonora-coaching.ch\/?post_type=product&#038;p=3532"},"modified":"2026-04-24T11:53:06","modified_gmt":"2026-04-24T09:53:06","slug":"porte-cles-makramee","status":"publish","type":"product","link":"https:\/\/www.sonora-coaching.ch\/fr\/produkt\/schluesselanhaenger-makramee\/","title":{"rendered":"Porte-cl\u00e9s macram\u00e9"},"content":{"rendered":"<p>Nos porte-cl\u00e9s en macram\u00e9 de style boho sont nou\u00e9s en filigrane et peuvent \u00eatre utilis\u00e9s de diff\u00e9rentes mani\u00e8res. Le macram\u00e9 est une technique de nouage traditionnelle de l'espace oriental qui permet de cr\u00e9er des motifs et des dessins d\u00e9coratifs gr\u00e2ce \u00e0 diff\u00e9rents n\u0153uds. Ils sont disponibles en trois variations diff\u00e9rentes.<\/p>\n<p>&nbsp;<\/p>\n<p>Notre porte-cl\u00e9s en macram\u00e9 conf\u00e8re un charme unique \u00e0 ton trousseau de cl\u00e9s, ton portefeuille ou ton sac \u00e0 dos, tout en assurant s\u00e9curit\u00e9 et confort. Que ce soit un cadeau ou un petit souvenir, ce porte-cl\u00e9s fait main attire l'attention avec style et est tr\u00e8s tendance.<\/p>\n<p>&nbsp;<\/p>\n<p><strong>D\u00e9tails :<\/strong><\/p>\n<ul>\n<li>Porte-cl\u00e9s avec mousqueton<\/li>\n<li>masse :<\/li>\n<li>Mati\u00e8re : fil textile doux en coton 60%, viscose 40%<\/li>\n<li>couleur : blanc<\/li>\n<li>Entretien : lavage \u00e0 la main \u00e0 30 \u00b0C possible<\/li>\n<li>nou\u00e9s \u00e0 la main avec un grand souci du d\u00e9tail<\/li>\n<\/ul>\n<p>&nbsp;<\/p>\n<p>Ce porte-cl\u00e9s est fait \u00e0 la main avec beaucoup d'amour et est id\u00e9al pour offrir ou bien s\u00fbr simplement pour toi !<\/p>\n<p>&nbsp;<\/p>\n<p><strong>Merci d'indiquer dans le masque de commande, sous remarques, quelle(s) variante(s) tu souhaites commander (1, 2 , 3), merci beaucoup.<\/strong><\/p>","protected":false},"excerpt":{"rendered":"<p>Unsere Makramee-Schl\u00fcsselanh\u00e4nger im Boho-Stil sind filigran gekn\u00fcpft und vielseitig einsetzbar. Makramee ist eine traditionelle Kn\u00fcpftechnik aus dem orientalischen Raum, bei der durch verschiedene Knoten dekorative Muster und Designs entstehen. Sie sind in drei verschiedenen Variationen verf\u00fcgbar. &nbsp; Unsere Makramee-Schl\u00fcsselanh\u00e4nger verleihen deinem Schl\u00fcsselbund, Brieftasche oder Rucksack einen einzigartigen Charme und sorgt gleichzeitig f\u00fcr Sicherheit und Komfort. [&hellip;]<\/p>\n","protected":false},"featured_media":3533,"template":"","meta":{"_acf_changed":false},"product_brand":[],"product_cat":[86],"product_tag":[],"class_list":{"0":"post-3532","1":"product","2":"type-product","3":"status-publish","4":"has-post-thumbnail","6":"product_cat-sonora","8":"first","9":"instock","10":"taxable","11":"shipping-taxable","12":"purchasable","13":"product-type-simple"},"acf":[],"_links":{"self":[{"href":"https:\/\/www.sonora-coaching.ch\/fr\/wp-json\/wp\/v2\/product\/3532","targetHints":{"allow":["GET"]}}],"collection":[{"href":"https:\/\/www.sonora-coaching.ch\/fr\/wp-json\/wp\/v2\/product"}],"about":[{"href":"https:\/\/www.sonora-coaching.ch\/fr\/wp-json\/wp\/v2\/types\/product"}],"wp:featuredmedia":[{"embeddable":true,"href":"https:\/\/www.sonora-coaching.ch\/fr\/wp-json\/wp\/v2\/media\/3533"}],"wp:attachment":[{"href":"https:\/\/www.sonora-coaching.ch\/fr\/wp-json\/wp\/v2\/media?parent=3532"}],"wp:term":[{"taxonomy":"product_brand","embeddable":true,"href":"https:\/\/www.sonora-coaching.ch\/fr\/wp-json\/wp\/v2\/product_brand?post=3532"},{"taxonomy":"product_cat","embeddable":true,"href":"https:\/\/www.sonora-coaching.ch\/fr\/wp-json\/wp\/v2\/product_cat?post=3532"},{"taxonomy":"product_tag","embeddable":true,"href":"https:\/\/www.sonora-coaching.ch\/fr\/wp-json\/wp\/v2\/product_tag?post=3532"}],"curies":[{"name":"wp","href":"https:\/\/api.w.org\/{rel}","templated":true}]}}