{"id":3534,"date":"2026-04-24T13:52:43","date_gmt":"2026-04-24T11:52:43","guid":{"rendered":"https:\/\/www.sonora-coaching.ch\/?post_type=product&#038;p=3534"},"modified":"2026-04-24T14:04:42","modified_gmt":"2026-04-24T12:04:42","slug":"pierres-odorantes-en-argile","status":"publish","type":"product","link":"https:\/\/www.sonora-coaching.ch\/fr\/produkt\/duftsteine-aus-ton\/","title":{"rendered":"Pierres parfum\u00e9es en argile"},"content":{"rendered":"<p>Les pierres odorantes fabriqu\u00e9es en argile s\u00e9chant \u00e0 l'air libre sont une mani\u00e8re simple et naturelle de parfumer discr\u00e8tement les pi\u00e8ces avec des huiles essentielles. Pour cela, d\u00e9pose 3 \u00e0 4 gouttes d'une huile essentielle sur la pierre, laisse le liquide s'impr\u00e9gner bri\u00e8vement et savoure le doux parfum.<\/p>\n<p>Les pierres odorantes diffusent l'ar\u00f4me lentement et uniform\u00e9ment dans l'environnement - id\u00e9al pour les petites pi\u00e8ces, la chambre \u00e0 coucher ou le lieu de travail. Les pierres parfum\u00e9es am\u00e9liorent l'air ambiant de mani\u00e8re cibl\u00e9e et d\u00e9ploient diff\u00e9rents effets selon l'huile utilis\u00e9e : Ils peuvent d\u00e9tendre, rafra\u00eechir ou augmenter la concentration.<\/p>\n<p>Huiles essentielles populaires pour les pierres parfum\u00e9es :<\/p>\n<ul>\n<li>Huile de lavande : a un effet calmant et favorise le sommeil - id\u00e9al pour la chambre \u00e0 coucher<\/li>\n<li>Huile d'orange : fra\u00eeche et antistress - parfaite pour les espaces de vie et de travail<\/li>\n<li>Huile de citron : donne une sensation de propret\u00e9 et d'hygi\u00e8ne - optimale dans la salle de bains<\/li>\n<li>Romarin : favorise la concentration - par ex. en voiture<\/li>\n<\/ul>\n<p>&nbsp;<\/p>\n<p><strong>D\u00e9tails :<\/strong><\/p>\n<ul>\n<li>Set de 3 pierres parfum\u00e9es<\/li>\n<li>Mat\u00e9riau : argile s\u00e9ch\u00e9e \u00e0 l'air<\/li>\n<li>Couleur : Blanc<\/li>\n<li>Dimensions : environ xxxx<\/li>\n<li>Moul\u00e9 \u00e0 la main avec amour et d\u00e9cor\u00e9 de fleurs<\/li>\n<li>Chaque pi\u00e8ce est unique<\/li>\n<li>Ne sont pas inclus : Huiles essentielles<\/li>\n<\/ul>\n<p>&nbsp;<\/p>\n<p>Les pierres parfum\u00e9es peuvent \u00eatre plac\u00e9es de mani\u00e8re d\u00e9corative, ont une longue dur\u00e9e de vie et peuvent \u00eatre rafra\u00eechies \u00e0 tout moment - parfaites \u00e9galement comme id\u00e9e de cadeau durable.<\/p>\n<p>&nbsp;<\/p>","protected":false},"excerpt":{"rendered":"<p>Aus lufttrocknendem Ton gefertigte Duftsteine sind eine einfache und nat\u00fcrliche M\u00f6glichkeit, R\u00e4ume dezent mit \u00e4therischen \u00d6len zu beduften. Gib daf\u00fcr 3\u20134 Tropfen eines \u00e4therischen \u00d6ls auf den Stein, lasse die Fl\u00fcssigkeit kurz einziehen und genie\u00dfe den sanften Duft. Die Duftsteine geben das Aroma langsam und gleichm\u00e4\u00dfig an die Umgebung ab \u2013 ideal f\u00fcr kleine R\u00e4ume, [&hellip;]<\/p>\n","protected":false},"featured_media":3535,"template":"","meta":{"_acf_changed":false},"product_brand":[],"product_cat":[86],"product_tag":[],"class_list":{"0":"post-3534","1":"product","2":"type-product","3":"status-publish","4":"has-post-thumbnail","6":"product_cat-sonora","8":"first","9":"instock","10":"taxable","11":"shipping-taxable","12":"purchasable","13":"product-type-simple"},"acf":[],"_links":{"self":[{"href":"https:\/\/www.sonora-coaching.ch\/fr\/wp-json\/wp\/v2\/product\/3534","targetHints":{"allow":["GET"]}}],"collection":[{"href":"https:\/\/www.sonora-coaching.ch\/fr\/wp-json\/wp\/v2\/product"}],"about":[{"href":"https:\/\/www.sonora-coaching.ch\/fr\/wp-json\/wp\/v2\/types\/product"}],"wp:featuredmedia":[{"embeddable":true,"href":"https:\/\/www.sonora-coaching.ch\/fr\/wp-json\/wp\/v2\/media\/3535"}],"wp:attachment":[{"href":"https:\/\/www.sonora-coaching.ch\/fr\/wp-json\/wp\/v2\/media?parent=3534"}],"wp:term":[{"taxonomy":"product_brand","embeddable":true,"href":"https:\/\/www.sonora-coaching.ch\/fr\/wp-json\/wp\/v2\/product_brand?post=3534"},{"taxonomy":"product_cat","embeddable":true,"href":"https:\/\/www.sonora-coaching.ch\/fr\/wp-json\/wp\/v2\/product_cat?post=3534"},{"taxonomy":"product_tag","embeddable":true,"href":"https:\/\/www.sonora-coaching.ch\/fr\/wp-json\/wp\/v2\/product_tag?post=3534"}],"curies":[{"name":"wp","href":"https:\/\/api.w.org\/{rel}","templated":true}]}}