{"id":3537,"date":"2026-04-24T14:05:31","date_gmt":"2026-04-24T12:05:31","guid":{"rendered":"https:\/\/www.sonora-coaching.ch\/?post_type=product&#038;p=3537"},"modified":"2026-04-29T11:50:54","modified_gmt":"2026-04-29T09:50:54","slug":"pierres-odorantes-en-argile-copie","status":"publish","type":"product","link":"https:\/\/www.sonora-coaching.ch\/fr\/produkt\/duftsteine-aus-ton-kopie\/","title":{"rendered":"Bo\u00eetes d'allumettes"},"content":{"rendered":"<p><img fetchpriority=\"high\" decoding=\"async\" class=\"alignnone  wp-image-3571\" src=\"https:\/\/www.sonora-coaching.ch\/wp-content\/uploads\/2026\/04\/Logo-Sonora-Handmade-300x104.png\" alt=\"\" width=\"424\" height=\"147\" srcset=\"https:\/\/www.sonora-coaching.ch\/wp-content\/uploads\/2026\/04\/Logo-Sonora-Handmade-300x104.png 300w, https:\/\/www.sonora-coaching.ch\/wp-content\/uploads\/2026\/04\/Logo-Sonora-Handmade-1024x356.png 1024w, https:\/\/www.sonora-coaching.ch\/wp-content\/uploads\/2026\/04\/Logo-Sonora-Handmade-768x267.png 768w, https:\/\/www.sonora-coaching.ch\/wp-content\/uploads\/2026\/04\/Logo-Sonora-Handmade-1536x533.png 1536w, https:\/\/www.sonora-coaching.ch\/wp-content\/uploads\/2026\/04\/Logo-Sonora-Handmade-2048x711.png 2048w, https:\/\/www.sonora-coaching.ch\/wp-content\/uploads\/2026\/04\/Logo-Sonora-Handmade-18x6.png 18w, https:\/\/www.sonora-coaching.ch\/wp-content\/uploads\/2026\/04\/Logo-Sonora-Handmade-600x208.png 600w\" sizes=\"(max-width: 424px) 100vw, 424px\" \/><\/p>\n<p>&nbsp;<\/p>\n<p>R\u00e9jouissez-vous d'un accessoire \u00e9l\u00e9gant et tr\u00e8s nostalgique qui transforme chaque bo\u00eete d'allumettes (exclusive) en un v\u00e9ritable petit bijou. Cet accessoire raffin\u00e9 est en laiton avec des ornements romantiques en 3D. Une ouverture lat\u00e9rale permet de laisser la surface de frottement libre afin de pouvoir allumer les allumettes \u00e0 tout moment sans devoir retirer la bo\u00eete. Il suffit donc d'ins\u00e9rer la bo\u00eete d'allumettes pour qu'elle soit vraiment belle. C'est un accessoire merveilleux, surtout en hiver, lorsque nous aimons allumer des bougies. Il convient parfaitement \u00e0 une ambiance shabby-chic et constitue \u00e9galement une excellente id\u00e9e de cadeau. Lorsque m\u00eame les plus petits d\u00e9tails sont con\u00e7us avec autant d'amour, votre maison devient une v\u00e9ritable oasis de bien-\u00eatre.<\/p>\n<p>&nbsp;<\/p>","protected":false},"excerpt":{"rendered":"<p>&nbsp; Freuen Sie sich auf ein stilvolles und sehr nostalgisches Accessoire, mit dem jede Streichholzschachtel (exklusiv) zu einem echten Schmuckst\u00fcckchen wird. Das edle Accessoire besteht aus Messing mit romantischen Ornamenten in 3D-Optik. Eine seitliche \u00d6ffnung sorgt daf\u00fcr, dass die Reibfl\u00e4che frei bleibt, um die Streichh\u00f6lzer jederzeit anz\u00fcnden zu k\u00f6nnen, ohne die Schachtel entfernen zu m\u00fcssen. [&hellip;]<\/p>\n","protected":false},"featured_media":3538,"template":"","meta":{"_acf_changed":false},"product_brand":[],"product_cat":[86],"product_tag":[],"class_list":{"0":"post-3537","1":"product","2":"type-product","3":"status-publish","4":"has-post-thumbnail","6":"product_cat-sonora","8":"first","9":"instock","10":"taxable","11":"shipping-taxable","12":"purchasable","13":"product-type-simple"},"acf":[],"_links":{"self":[{"href":"https:\/\/www.sonora-coaching.ch\/fr\/wp-json\/wp\/v2\/product\/3537","targetHints":{"allow":["GET"]}}],"collection":[{"href":"https:\/\/www.sonora-coaching.ch\/fr\/wp-json\/wp\/v2\/product"}],"about":[{"href":"https:\/\/www.sonora-coaching.ch\/fr\/wp-json\/wp\/v2\/types\/product"}],"wp:featuredmedia":[{"embeddable":true,"href":"https:\/\/www.sonora-coaching.ch\/fr\/wp-json\/wp\/v2\/media\/3538"}],"wp:attachment":[{"href":"https:\/\/www.sonora-coaching.ch\/fr\/wp-json\/wp\/v2\/media?parent=3537"}],"wp:term":[{"taxonomy":"product_brand","embeddable":true,"href":"https:\/\/www.sonora-coaching.ch\/fr\/wp-json\/wp\/v2\/product_brand?post=3537"},{"taxonomy":"product_cat","embeddable":true,"href":"https:\/\/www.sonora-coaching.ch\/fr\/wp-json\/wp\/v2\/product_cat?post=3537"},{"taxonomy":"product_tag","embeddable":true,"href":"https:\/\/www.sonora-coaching.ch\/fr\/wp-json\/wp\/v2\/product_tag?post=3537"}],"curies":[{"name":"wp","href":"https:\/\/api.w.org\/{rel}","templated":true}]}}