{"id":3555,"date":"2026-04-28T07:59:55","date_gmt":"2026-04-28T05:59:55","guid":{"rendered":"https:\/\/www.sonora-coaching.ch\/?post_type=product&#038;p=3555"},"modified":"2026-05-01T16:18:32","modified_gmt":"2026-05-01T14:18:32","slug":"cartes-postales-aquarelle-moments-dhiver-silencieux","status":"publish","type":"product","link":"https:\/\/www.sonora-coaching.ch\/fr\/produkt\/aquarell-postkarten-leise-wintermomente\/","title":{"rendered":"Set d'aquarelle Moments d'hiver silencieux"},"content":{"rendered":"<p><img decoding=\"async\" class=\"alignnone size-medium wp-image-3584\" src=\"https:\/\/www.sonora-coaching.ch\/wp-content\/uploads\/2026\/04\/Anita-Hapig-Schrift_-300x87.png\" alt=\"\" width=\"300\" height=\"87\" srcset=\"https:\/\/www.sonora-coaching.ch\/wp-content\/uploads\/2026\/04\/Anita-Hapig-Schrift_-300x87.png 300w, https:\/\/www.sonora-coaching.ch\/wp-content\/uploads\/2026\/04\/Anita-Hapig-Schrift_-1024x297.png 1024w, https:\/\/www.sonora-coaching.ch\/wp-content\/uploads\/2026\/04\/Anita-Hapig-Schrift_-768x223.png 768w, https:\/\/www.sonora-coaching.ch\/wp-content\/uploads\/2026\/04\/Anita-Hapig-Schrift_-18x5.png 18w, https:\/\/www.sonora-coaching.ch\/wp-content\/uploads\/2026\/04\/Anita-Hapig-Schrift_-600x174.png 600w, https:\/\/www.sonora-coaching.ch\/wp-content\/uploads\/2026\/04\/Anita-Hapig-Schrift_.png 1130w\" sizes=\"(max-width: 300px) 100vw, 300px\" \/><\/p>\n<p data-start=\"77\" data-end=\"352\">Ce set d'aquarelles \u00e9vocateur capture la beaut\u00e9 tranquille de l'hiver dans trois motifs uniques. Chaque carte a \u00e9t\u00e9 peinte \u00e0 la main et agr\u00e9ment\u00e9e de d\u00e9tails d\u00e9licats - il en r\u00e9sulte un ensemble harmonieux qui respire le calme, l'espace et l'atmosph\u00e8re hivernale.<\/p>\n<p data-start=\"354\" data-end=\"613\">Les motifs repr\u00e9sentent des paysages enneig\u00e9s, des chemins tranquilles et des paysages d'arbres d\u00e9licats dans des tons bleus froids. Ils transmettent un sentiment de s\u00e9r\u00e9nit\u00e9 et invitent \u00e0 faire une pause - parfaits comme carte de v\u0153ux sp\u00e9ciale, petite \u0153uvre d'art dans un cadre photo ou d\u00e9coration discr\u00e8te.<\/p>\n<p data-start=\"615\" data-end=\"647\"><strong data-start=\"615\" data-end=\"647\">Aper\u00e7u des d\u00e9tails du produit :<\/strong><\/p>\n<ul data-start=\"649\" data-end=\"978\">\n<li data-section-id=\"117tpm8\" data-start=\"649\" data-end=\"709\">Set de 3 cartes aquarelles diff\u00e9rentes peintes \u00e0 la main<\/li>\n<li data-section-id=\"15dgfn5\" data-start=\"710\" data-end=\"746\">Format : 15 x 15 cm (carr\u00e9)<\/li>\n<li data-section-id=\"1f6pwo3\" data-start=\"747\" data-end=\"801\">Papier blanc stable de haute qualit\u00e9<\/li>\n<li data-section-id=\"1j8j8bq\" data-start=\"802\" data-end=\"854\">Enrichi de motifs linogravures sculpt\u00e9s \u00e0 la main<\/li>\n<li data-section-id=\"1qnx5ia\" data-start=\"855\" data-end=\"924\">Chaque carte est unique - les petites diff\u00e9rences font tout le charme<\/li>\n<li data-section-id=\"1b1ntmh\" data-start=\"925\" data-end=\"978\">Id\u00e9al comme cadeau, carte de v\u0153ux ou d\u00e9coration murale<\/li>\n<\/ul>\n<p data-start=\"980\" data-end=\"1130\" data-is-last-node=\"\" data-is-only-node=\"\">Ce set sp\u00e9cial est un petit morceau d'art hivernal fait main - id\u00e9al pour tous ceux qui appr\u00e9cient l'esth\u00e9tique naturelle, la tranquillit\u00e9 et les d\u00e9tails soign\u00e9s.<\/p>\n<p>&nbsp;<\/p>","protected":false},"excerpt":{"rendered":"<p>Dieses stimmungsvolle Aquarell-Set f\u00e4ngt die ruhige Sch\u00f6nheit des Winters in drei einzigartigen Motiven ein. Jede Karte wurde von Hand gemalt und mit feinen Details veredelt \u2013 so entsteht ein harmonisches Set, das Ruhe, Weite und winterliche Atmosph\u00e4re ausstrahlt. Die Motive zeigen verschneite Landschaften, stille Wege und zarte Baumlandschaften in k\u00fchlen Blaut\u00f6nen. Sie vermitteln ein Gef\u00fchl [&hellip;]<\/p>\n","protected":false},"featured_media":3556,"template":"","meta":{"_acf_changed":false},"product_brand":[],"product_cat":[160],"product_tag":[],"class_list":{"0":"post-3555","1":"product","2":"type-product","3":"status-publish","4":"has-post-thumbnail","6":"product_cat-anitahapig","8":"first","9":"outofstock","10":"taxable","11":"shipping-taxable","12":"purchasable","13":"product-type-simple"},"acf":[],"_links":{"self":[{"href":"https:\/\/www.sonora-coaching.ch\/fr\/wp-json\/wp\/v2\/product\/3555","targetHints":{"allow":["GET"]}}],"collection":[{"href":"https:\/\/www.sonora-coaching.ch\/fr\/wp-json\/wp\/v2\/product"}],"about":[{"href":"https:\/\/www.sonora-coaching.ch\/fr\/wp-json\/wp\/v2\/types\/product"}],"wp:featuredmedia":[{"embeddable":true,"href":"https:\/\/www.sonora-coaching.ch\/fr\/wp-json\/wp\/v2\/media\/3556"}],"wp:attachment":[{"href":"https:\/\/www.sonora-coaching.ch\/fr\/wp-json\/wp\/v2\/media?parent=3555"}],"wp:term":[{"taxonomy":"product_brand","embeddable":true,"href":"https:\/\/www.sonora-coaching.ch\/fr\/wp-json\/wp\/v2\/product_brand?post=3555"},{"taxonomy":"product_cat","embeddable":true,"href":"https:\/\/www.sonora-coaching.ch\/fr\/wp-json\/wp\/v2\/product_cat?post=3555"},{"taxonomy":"product_tag","embeddable":true,"href":"https:\/\/www.sonora-coaching.ch\/fr\/wp-json\/wp\/v2\/product_tag?post=3555"}],"curies":[{"name":"wp","href":"https:\/\/api.w.org\/{rel}","templated":true}]}}