{"id":3568,"date":"2026-04-28T16:50:11","date_gmt":"2026-04-28T14:50:11","guid":{"rendered":"https:\/\/www.sonora-coaching.ch\/?post_type=product&#038;p=3568"},"modified":"2026-05-01T15:38:55","modified_gmt":"2026-05-01T13:38:55","slug":"aquarelle-cartes-postales-maison-mediterraneenne","status":"publish","type":"product","link":"https:\/\/www.sonora-coaching.ch\/fr\/produkt\/aquarell-postkarten-mediterranes-zuhause\/","title":{"rendered":"Set d'aquarelle Maison m\u00e9diterran\u00e9enne"},"content":{"rendered":"<p data-start=\"0\" data-end=\"283\"><img decoding=\"async\" class=\"alignnone size-medium wp-image-3584\" src=\"https:\/\/www.sonora-coaching.ch\/wp-content\/uploads\/2026\/04\/Anita-Hapig-Schrift_-300x87.png\" alt=\"\" width=\"300\" height=\"87\" srcset=\"https:\/\/www.sonora-coaching.ch\/wp-content\/uploads\/2026\/04\/Anita-Hapig-Schrift_-300x87.png 300w, https:\/\/www.sonora-coaching.ch\/wp-content\/uploads\/2026\/04\/Anita-Hapig-Schrift_-1024x297.png 1024w, https:\/\/www.sonora-coaching.ch\/wp-content\/uploads\/2026\/04\/Anita-Hapig-Schrift_-768x223.png 768w, https:\/\/www.sonora-coaching.ch\/wp-content\/uploads\/2026\/04\/Anita-Hapig-Schrift_-18x5.png 18w, https:\/\/www.sonora-coaching.ch\/wp-content\/uploads\/2026\/04\/Anita-Hapig-Schrift_-600x174.png 600w, https:\/\/www.sonora-coaching.ch\/wp-content\/uploads\/2026\/04\/Anita-Hapig-Schrift_.png 1130w\" sizes=\"(max-width: 300px) 100vw, 300px\" \/><\/p>\n<p data-start=\"0\" data-end=\"283\">Ce set d'aquarelles \u00e9vocateur capture la beaut\u00e9 de l'architecture m\u00e9diterran\u00e9enne dans trois motifs con\u00e7us avec amour. Chaque image a \u00e9t\u00e9 peinte \u00e0 la main et d\u00e9gage une atmosph\u00e8re chaleureuse et ensoleill\u00e9e - inspir\u00e9e par des maisons idylliques, des portails charmants et des paysages doux.<\/p>\n<p data-start=\"285\" data-end=\"607\">Les couleurs harmonieuses et les d\u00e9tails d\u00e9licats conf\u00e8rent \u00e0 chaque motif une profondeur particuli\u00e8re et font de ces cartes de petites \u0153uvres d'art. Qu'elles soient utilis\u00e9es comme cartes de v\u0153ux, comme \u00e9l\u00e9ments d\u00e9coratifs ou mises en sc\u00e8ne avec style dans un cadre, ces images peintes \u00e0 la main apportent un sentiment de vacances, de l\u00e9g\u00e8ret\u00e9 et d'ambiance m\u00e9ridionale dans chaque pi\u00e8ce.<\/p>\n<p data-start=\"612\" data-end=\"624\"><strong data-start=\"612\" data-end=\"624\">D\u00e9tails :<\/strong><\/p>\n<ul data-start=\"626\" data-end=\"846\">\n<li data-section-id=\"1qonnjp\" data-start=\"626\" data-end=\"683\">Set de 3 aquarelles diff\u00e9rentes peintes \u00e0 la main<\/li>\n<li data-section-id=\"gpxnah\" data-start=\"684\" data-end=\"705\">Dimensions : 12 x 16 cm<\/li>\n<li data-section-id=\"4gshv4\" data-start=\"706\" data-end=\"748\">Papier blanc stable et de haute qualit\u00e9<\/li>\n<li data-section-id=\"jo9to1\" data-start=\"749\" data-end=\"788\">Chaque motif est une pi\u00e8ce unique peinte \u00e0 la main<\/li>\n<li data-section-id=\"1vsslp8\" data-start=\"789\" data-end=\"843\">Id\u00e9al pour offrir, envoyer ou d\u00e9corer<\/li>\n<\/ul>\n<p>&nbsp;<\/p>\n<p data-start=\"848\" data-end=\"993\" data-is-last-node=\"\" data-is-only-node=\"\">Ce set particulier allie travail manuel artistique et charme m\u00e9diterran\u00e9en et constitue un cadeau intemporel pour les amateurs d'art et de nature.<\/p>","protected":false},"excerpt":{"rendered":"<p>Set d'aquarelles peintes \u00e0 la main avec trois motifs d'inspiration m\u00e9diterran\u00e9enne aux couleurs chaudes et aux d\u00e9tails soign\u00e9s. Les cartes peuvent \u00eatre utilis\u00e9es de mani\u00e8re polyvalente et sont id\u00e9ales comme cadeau, carte de v\u0153ux ou \u0153uvre d'art d\u00e9corative.<\/p>","protected":false},"featured_media":3561,"template":"","meta":{"_acf_changed":false},"product_brand":[],"product_cat":[160],"product_tag":[166,163,168,170,165,172,162,164,167,171,169],"class_list":{"0":"post-3568","1":"product","2":"type-product","3":"status-publish","4":"has-post-thumbnail","6":"product_cat-anitahapig","7":"product_tag-aquarell-karten-set","8":"product_tag-aquarellbilder","9":"product_tag-deko-karten-kunst","10":"product_tag-grusskarten-set-aquarell","11":"product_tag-handgemalte-unikate-papier","12":"product_tag-idyllischen-haeuser","13":"product_tag-kunstkarten-handgemacht","14":"product_tag-landschaft-bilder","15":"product_tag-mediterrane-aquarellbilder","16":"product_tag-mediterrane-architektur","17":"product_tag-toskana","19":"first","20":"outofstock","21":"taxable","22":"shipping-taxable","23":"purchasable","24":"product-type-simple"},"acf":[],"_links":{"self":[{"href":"https:\/\/www.sonora-coaching.ch\/fr\/wp-json\/wp\/v2\/product\/3568","targetHints":{"allow":["GET"]}}],"collection":[{"href":"https:\/\/www.sonora-coaching.ch\/fr\/wp-json\/wp\/v2\/product"}],"about":[{"href":"https:\/\/www.sonora-coaching.ch\/fr\/wp-json\/wp\/v2\/types\/product"}],"wp:featuredmedia":[{"embeddable":true,"href":"https:\/\/www.sonora-coaching.ch\/fr\/wp-json\/wp\/v2\/media\/3561"}],"wp:attachment":[{"href":"https:\/\/www.sonora-coaching.ch\/fr\/wp-json\/wp\/v2\/media?parent=3568"}],"wp:term":[{"taxonomy":"product_brand","embeddable":true,"href":"https:\/\/www.sonora-coaching.ch\/fr\/wp-json\/wp\/v2\/product_brand?post=3568"},{"taxonomy":"product_cat","embeddable":true,"href":"https:\/\/www.sonora-coaching.ch\/fr\/wp-json\/wp\/v2\/product_cat?post=3568"},{"taxonomy":"product_tag","embeddable":true,"href":"https:\/\/www.sonora-coaching.ch\/fr\/wp-json\/wp\/v2\/product_tag?post=3568"}],"curies":[{"name":"wp","href":"https:\/\/api.w.org\/{rel}","templated":true}]}}