{"id":3578,"date":"2026-04-29T16:52:09","date_gmt":"2026-04-29T14:52:09","guid":{"rendered":"https:\/\/www.sonora-coaching.ch\/?post_type=product&#038;p=3578"},"modified":"2026-05-01T11:40:23","modified_gmt":"2026-05-01T09:40:23","slug":"dans-les-yeux-de-la-nature","status":"publish","type":"product","link":"https:\/\/www.sonora-coaching.ch\/fr\/produkt\/in-the-eyes-of-nature\/","title":{"rendered":"Livre Dans les yeux de la nature"},"content":{"rendered":"<p><img decoding=\"async\" class=\"alignnone size-medium wp-image-3580\" src=\"https:\/\/www.sonora-coaching.ch\/wp-content\/uploads\/2026\/04\/bild-300x93.png\" alt=\"\" width=\"300\" height=\"93\" srcset=\"https:\/\/www.sonora-coaching.ch\/wp-content\/uploads\/2026\/04\/bild-300x93.png 300w, https:\/\/www.sonora-coaching.ch\/wp-content\/uploads\/2026\/04\/bild-1024x319.png 1024w, https:\/\/www.sonora-coaching.ch\/wp-content\/uploads\/2026\/04\/bild-768x239.png 768w, https:\/\/www.sonora-coaching.ch\/wp-content\/uploads\/2026\/04\/bild-1536x478.png 1536w, https:\/\/www.sonora-coaching.ch\/wp-content\/uploads\/2026\/04\/bild-2048x637.png 2048w, https:\/\/www.sonora-coaching.ch\/wp-content\/uploads\/2026\/04\/bild-18x6.png 18w, https:\/\/www.sonora-coaching.ch\/wp-content\/uploads\/2026\/04\/bild-600x187.png 600w\" sizes=\"(max-width: 300px) 100vw, 300px\" \/><\/p>\n<p>Ce livre est n\u00e9 de nombreux moments de silence ou d'excitation. De mes observations, de ma patience et de mon attachement \u00e0 la nature.<\/p>\n<p>Depuis 2021, \u201eWildlife\u201c est un projet \u00e0 long terme qui documente la nature sans pr\u00e9tendre \u00e0 la perfection et qui met l'accent sur une observation attentive. Au lieu de motifs spectaculaires, l'accent est mis sur des rencontres quotidiennes, souvent ignor\u00e9es, et sur la diversit\u00e9 des petits d\u00e9tails. Les photos sont d\u00e9lib\u00e9r\u00e9ment prises dans son propre environnement, sans mise en sc\u00e8ne de voyage, et montrent la nature comme un compagnon permanent. L'accent n'est pas mis sur la perfection ou l'exhaustivit\u00e9, mais sur l'authenticit\u00e9, le processus et une approche respectueuse de la nature.<\/p>\n<ul>\n<li><span class=\"wysiwyg-color\">En 2025, un \u00ab\u00e9tat actuel\u00bb a \u00e9t\u00e9 imprim\u00e9 sous forme de livre<\/span><\/li>\n<li><span class=\"wysiwyg-color\">Photos avec donn\u00e9es de prise de vue (vitesse d'obturation, ouverture, ISO) <\/span><\/li>\n<li><span class=\"wysiwyg-color\">3-4 t\u00e9moignages<\/span><\/li>\n<\/ul>\n<p>&nbsp;<\/p>\n<p><em><span class=\"wysiwyg-color\">Vie sauvage<\/span><\/em><span class=\"wysiwyg-color\"> n'est pas une \u0153uvre achev\u00e9e. C'est un chapitre continu. Un compagnon silencieux. Et peut-\u00eatre aussi une invitation \u00e0 parcourir le monde avec des yeux plus ouverts.<\/span><\/p>","protected":false},"excerpt":{"rendered":"<p>Dieses Buch ist aus vielen stillen oder aufregenden Momenten entstanden. Aus Beobachtungen, Geduld und mit meiner Verbundenheit zur Natur. Seit 2021 entsteht mit \u201eWildlife\u201c ein Langzeitprojekt, das die Natur ohne Perfektionsanspruch dokumentiert und den Fokus auf aufmerksames Beobachten legt. Statt spektakul\u00e4rer Motive stehen allt\u00e4gliche, oft \u00fcbersehene Begegnungen und die Vielfalt der kleinen Details im Mittelpunkt. [&hellip;]<\/p>\n","protected":false},"featured_media":3581,"template":"","meta":{"_acf_changed":false},"product_brand":[],"product_cat":[161],"product_tag":[],"class_list":{"0":"post-3578","1":"product","2":"type-product","3":"status-publish","4":"has-post-thumbnail","6":"product_cat-markusnobel","8":"first","9":"outofstock","10":"taxable","11":"shipping-taxable","12":"purchasable","13":"product-type-simple"},"acf":[],"_links":{"self":[{"href":"https:\/\/www.sonora-coaching.ch\/fr\/wp-json\/wp\/v2\/product\/3578","targetHints":{"allow":["GET"]}}],"collection":[{"href":"https:\/\/www.sonora-coaching.ch\/fr\/wp-json\/wp\/v2\/product"}],"about":[{"href":"https:\/\/www.sonora-coaching.ch\/fr\/wp-json\/wp\/v2\/types\/product"}],"wp:featuredmedia":[{"embeddable":true,"href":"https:\/\/www.sonora-coaching.ch\/fr\/wp-json\/wp\/v2\/media\/3581"}],"wp:attachment":[{"href":"https:\/\/www.sonora-coaching.ch\/fr\/wp-json\/wp\/v2\/media?parent=3578"}],"wp:term":[{"taxonomy":"product_brand","embeddable":true,"href":"https:\/\/www.sonora-coaching.ch\/fr\/wp-json\/wp\/v2\/product_brand?post=3578"},{"taxonomy":"product_cat","embeddable":true,"href":"https:\/\/www.sonora-coaching.ch\/fr\/wp-json\/wp\/v2\/product_cat?post=3578"},{"taxonomy":"product_tag","embeddable":true,"href":"https:\/\/www.sonora-coaching.ch\/fr\/wp-json\/wp\/v2\/product_tag?post=3578"}],"curies":[{"name":"wp","href":"https:\/\/api.w.org\/{rel}","templated":true}]}}