{"id":3608,"date":"2026-05-08T15:01:13","date_gmt":"2026-05-08T13:01:13","guid":{"rendered":"https:\/\/www.sonora-coaching.ch\/?post_type=product&#038;p=3608"},"modified":"2026-05-08T15:05:46","modified_gmt":"2026-05-08T13:05:46","slug":"aquarelle-set-fleurs-sauvages","status":"publish","type":"product","link":"https:\/\/www.sonora-coaching.ch\/fr\/produkt\/aquarell-set-wildblumen\/","title":{"rendered":"Set d'aquarelle Fleurs sauvages"},"content":{"rendered":"<p><img decoding=\"async\" class=\"alignnone size-medium wp-image-3584\" src=\"https:\/\/www.sonora-coaching.ch\/wp-content\/uploads\/2026\/04\/Anita-Hapig-Schrift_-300x87.png\" alt=\"\" width=\"300\" height=\"87\" srcset=\"https:\/\/www.sonora-coaching.ch\/wp-content\/uploads\/2026\/04\/Anita-Hapig-Schrift_-300x87.png 300w, https:\/\/www.sonora-coaching.ch\/wp-content\/uploads\/2026\/04\/Anita-Hapig-Schrift_-1024x297.png 1024w, https:\/\/www.sonora-coaching.ch\/wp-content\/uploads\/2026\/04\/Anita-Hapig-Schrift_-768x223.png 768w, https:\/\/www.sonora-coaching.ch\/wp-content\/uploads\/2026\/04\/Anita-Hapig-Schrift_-18x5.png 18w, https:\/\/www.sonora-coaching.ch\/wp-content\/uploads\/2026\/04\/Anita-Hapig-Schrift_-600x174.png 600w, https:\/\/www.sonora-coaching.ch\/wp-content\/uploads\/2026\/04\/Anita-Hapig-Schrift_.png 1130w\" sizes=\"(max-width: 300px) 100vw, 300px\" \/><\/p>\n<p>Ce set d'aquarelles joliment con\u00e7u r\u00e9unit l'art, le naturel et l'individualit\u00e9 dans trois cartes uniques. Chaque image a \u00e9t\u00e9 peinte \u00e0 la main, cr\u00e9ant ainsi un set \u00e9l\u00e9gant qui convient parfaitement pour offrir, envoyer ou d\u00e9corer.<\/p>\n<p>Les d\u00e9licats motifs floraux apportent l\u00e9g\u00e8ret\u00e9 et lien avec la nature dans chaque pi\u00e8ce. Qu'il s'agisse d'une carte de v\u0153ux, d'une petite \u0153uvre d'art dans un cadre photo ou d'un d\u00e9tail d\u00e9coratif, ces images faites \u00e0 la main sont polyvalentes et apportent une touche personnelle.<\/p>\n<p>&nbsp;<\/p>\n<p><strong>D\u00e9tails :<\/strong><\/p>\n<ul>\n<li>Set de 3 aquarelles diff\u00e9rentes peintes \u00e0 la main<\/li>\n<li>Dimensions : 12 x 16 cm<\/li>\n<li>Papier blanc stable et de haute qualit\u00e9<\/li>\n<li>Chaque carte est unique<\/li>\n<li>Id\u00e9al pour offrir, \u00e9crire ou d\u00e9corer<\/li>\n<\/ul>\n<p>&nbsp;<\/p>\n<p>Cet ensemble raffin\u00e9 est un petit morceau d'art fait main.<\/p>","protected":false},"excerpt":{"rendered":"<p>Dieses liebevoll gestaltete Aquarell\u00a0Set vereint Kunst, Nat\u00fcrlichkeit und Individualit\u00e4t in drei einzigartigen Karten. Jedes Bild wurde von Hand gemalt\u2013 so entsteht ein stilvolles Set, das sich perfekt zum Verschenken, Verschicken oder Dekorieren eignet. Die zarten Blumenmotive bringen Leichtigkeit und Naturverbundenheit in jeden Raum. Ob als Grusskarte, kleines Kunstwerk in einem Bilderrahmen oder dekoratives Detail \u2013 [&hellip;]<\/p>\n","protected":false},"featured_media":3609,"template":"","meta":{"_acf_changed":false},"product_brand":[],"product_cat":[160],"product_tag":[],"class_list":{"0":"post-3608","1":"product","2":"type-product","3":"status-publish","4":"has-post-thumbnail","6":"product_cat-anitahapig","8":"first","9":"outofstock","10":"taxable","11":"shipping-taxable","12":"purchasable","13":"product-type-simple"},"acf":[],"_links":{"self":[{"href":"https:\/\/www.sonora-coaching.ch\/fr\/wp-json\/wp\/v2\/product\/3608","targetHints":{"allow":["GET"]}}],"collection":[{"href":"https:\/\/www.sonora-coaching.ch\/fr\/wp-json\/wp\/v2\/product"}],"about":[{"href":"https:\/\/www.sonora-coaching.ch\/fr\/wp-json\/wp\/v2\/types\/product"}],"wp:featuredmedia":[{"embeddable":true,"href":"https:\/\/www.sonora-coaching.ch\/fr\/wp-json\/wp\/v2\/media\/3609"}],"wp:attachment":[{"href":"https:\/\/www.sonora-coaching.ch\/fr\/wp-json\/wp\/v2\/media?parent=3608"}],"wp:term":[{"taxonomy":"product_brand","embeddable":true,"href":"https:\/\/www.sonora-coaching.ch\/fr\/wp-json\/wp\/v2\/product_brand?post=3608"},{"taxonomy":"product_cat","embeddable":true,"href":"https:\/\/www.sonora-coaching.ch\/fr\/wp-json\/wp\/v2\/product_cat?post=3608"},{"taxonomy":"product_tag","embeddable":true,"href":"https:\/\/www.sonora-coaching.ch\/fr\/wp-json\/wp\/v2\/product_tag?post=3608"}],"curies":[{"name":"wp","href":"https:\/\/api.w.org\/{rel}","templated":true}]}}